{"id":651,"date":"2018-09-03T01:12:57","date_gmt":"2018-09-02T23:12:57","guid":{"rendered":"https:\/\/fundacionshe.org\/healthycommunities2030\/?page_id=651"},"modified":"2025-02-18T11:14:16","modified_gmt":"2025-02-18T10:14:16","slug":"politica-de-cookies-2","status":"publish","type":"page","link":"https:\/\/fundacionshe.org\/healthycommunities2030\/es\/politica-de-cookies-2\/","title":{"rendered":"Pol\u00edtica de Cookies"},"content":{"rendered":"<div class=\"elementor-column elementor-col-50 elementor-top-column elementor-element elementor-element-c998f5e\" data-id=\"c998f5e\" data-element_type=\"column\">\n<div class=\"elementor-widget-wrap elementor-element-populated\">\n<div class=\"elementor-element elementor-element-20b67ab elementor-widget elementor-widget-text-editor is-mac\" data-id=\"20b67ab\" data-element_type=\"widget\" data-widget_type=\"text-editor.default\">\n<div class=\"elementor-widget-container\">\n<h1>Pol\u00edtica de cookies<\/h1>\n<p><strong>\u00bfQu\u00e9 son las cookies?<\/strong><\/p>\n<p>Las cookies son peque\u00f1os archivos de datos que se reciben en el terminal desde el sitio Web visitado y se usan para registrar ciertas interacciones de la navegaci\u00f3n en un sitio Web almacenando datos que podr\u00e1n ser actualizados y recuperados. Estos archivos se almacenan en el ordenador del usuario y contiene datos an\u00f3nimos que no son perjudiciales para su equipo. Se utilizan para recordar las preferencias del usuario, como el idioma seleccionado, datos de acceso o personalizaci\u00f3n de la p\u00e1gina.<\/p>\n<p>Las Cookies tambi\u00e9n pueden ser utilizadas para registrar informaci\u00f3n an\u00f3nima acerca de c\u00f3mo un visitante utiliza un sitio. Por ejemplo, desde qu\u00e9 p\u00e1gina Web ha accedido, o si ha utilizado un \u00abbanner\u00bb publicitario para llegar.<\/p>\n<p><strong>\u00bfQu\u00e9 uso le damos a los diferentes tipos de cookies?<\/strong><\/p>\n<p>Seg\u00fan su finalidad:<\/p>\n<\/div>\n<\/div>\n<section class=\"elementor-section elementor-inner-section elementor-element elementor-element-4daec7f elementor-section-boxed elementor-section-height-default elementor-section-height-default\" data-id=\"4daec7f\" data-element_type=\"section\">\n<div class=\"elementor-container elementor-column-gap-default\">\n<div class=\"elementor-column elementor-col-100 elementor-inner-column elementor-element elementor-element-f661e6d\" data-id=\"f661e6d\" data-element_type=\"column\">\n<div class=\"elementor-widget-wrap elementor-element-populated\">\n<div class=\"elementor-element elementor-element-67a232e elementor-widget elementor-widget-text-editor is-mac\" data-id=\"67a232e\" data-element_type=\"widget\" data-widget_type=\"text-editor.default\">\n<div class=\"elementor-widget-container\">\n<table>\n<tbody>\n<tr>\n<td width=\"325\"><strong>\u00a0<\/strong><\/p>\n<p><strong>\u00a0<\/strong><\/p>\n<p><strong>\u00a0<\/strong><\/p>\n<p><strong>\u00a0<\/strong><\/p>\n<p><strong>Cookies t\u00e9cnicas<\/strong><\/td>\n<td width=\"325\">&nbsp;<\/p>\n<p>Las cookies t\u00e9cnicas son aquellasf facilitan la navegaci\u00f3n del usuario y la utilizaci\u00f3n de las diferentes opciones o servicios que ofrece la web como identificar la sesi\u00f3n, permitir el acceso a determinadas \u00e1reas, facilitar pedidos, compras, cumplimentaci\u00f3n de formularios, inscripciones, seguridad, facilitar funcionalidades (videos, redes sociales\u2026).<\/p>\n<p>&nbsp;<\/td>\n<\/tr>\n<tr>\n<td width=\"325\"><strong>\u00a0<\/strong><\/p>\n<p><strong>\u00a0<\/strong><\/p>\n<p><strong>Cookies de personalizaci\u00f3n<\/strong><\/td>\n<td width=\"325\">&nbsp;<\/p>\n<p>Las cookies de personalizaci\u00f3n permiten al usuario acceder a los servicios seg\u00fan sus preferencias (idioma, navegador, configuraci\u00f3n\u2026).<\/p>\n<p>&nbsp;<\/td>\n<\/tr>\n<tr>\n<td width=\"325\"><strong>\u00a0<\/strong><\/p>\n<p><strong>\u00a0<\/strong><\/p>\n<p><strong>Cookies anal\u00edticas<\/strong><\/td>\n<td width=\"325\">&nbsp;<\/p>\n<p>Las cookies de an\u00e1lisis son las utilizadas para llevar a cabo el an\u00e1lisis an\u00f3nimo del comportamiento de los usuarios de la web y que permiten medir la actividad del usuario y elaborar perfiles de navegaci\u00f3n con el fin objetivo de mejorar los sitios web.<\/p>\n<p>&nbsp;<\/td>\n<\/tr>\n<tr>\n<td width=\"325\"><strong>\u00a0<\/strong><\/p>\n<p><strong>\u00a0<\/strong><\/p>\n<p><strong>\u00a0<\/strong><\/p>\n<p><strong>\u00a0<\/strong><\/p>\n<p><strong>Cookies publicitarias<\/strong><\/td>\n<td width=\"325\">&nbsp;<\/p>\n<p>Las cookies publicitarias permiten la gesti\u00f3n de los espacios publicitarios de la web. Adem\u00e1s, estas cookies pueden ser de publicidad personalizada y permitir as\u00ed la gesti\u00f3n de los espacios publicitarios de la web en base al comportamiento y h\u00e1bitos de navegaci\u00f3n de usuario, de donde se obtiene su perfil y permiten personalizar la publicidad que se muestra en el navegador del usuario u otros perfiles y redes sociales del usuario.<\/p>\n<p>&nbsp;<\/td>\n<\/tr>\n<\/tbody>\n<\/table>\n<\/div>\n<\/div>\n<div class=\"elementor-element elementor-element-292b913 elementor-widget elementor-widget-text-editor is-mac\" data-id=\"292b913\" data-element_type=\"widget\" data-widget_type=\"text-editor.default\">\n<div class=\"elementor-widget-container\">\n<p>Seg\u00fan su plazo:<\/p>\n<\/div>\n<\/div>\n<div class=\"elementor-element elementor-element-8f578b8 elementor-widget elementor-widget-text-editor is-mac\" data-id=\"8f578b8\" data-element_type=\"widget\" data-widget_type=\"text-editor.default\">\n<div class=\"elementor-widget-container\">\n<table>\n<tbody>\n<tr>\n<td width=\"325\"><strong>\u00a0<\/strong><\/p>\n<p><strong>Cookies de sesi\u00f3n<\/strong><\/td>\n<td width=\"325\">&nbsp;<\/p>\n<p>Las cookies de sesi\u00f3n son aquellas que duran el tiempo que el usuario est\u00e1 navegando por la p\u00e1gina Web y se borran al cerrar el navegador.<\/p>\n<p>&nbsp;<\/td>\n<\/tr>\n<tr>\n<td width=\"325\"><strong>\u00a0<\/strong><\/p>\n<p><strong>\u00a0<\/strong><\/p>\n<p><strong>Cookies persistentes<\/strong><\/td>\n<td width=\"325\">&nbsp;<\/p>\n<p>Estas cookies quedan almacenadas en el terminal del usuario hasta que son eliminadas manualmente o haya concluido el periodo de duraci\u00f3n establecido para dicha cookie.<\/p>\n<p>&nbsp;<\/td>\n<\/tr>\n<\/tbody>\n<\/table>\n<\/div>\n<\/div>\n<div class=\"elementor-element elementor-element-e9a16f7 elementor-widget elementor-widget-text-editor is-mac\" data-id=\"e9a16f7\" data-element_type=\"widget\" data-widget_type=\"text-editor.default\">\n<div class=\"elementor-widget-container\">\n<p>Seg\u00fan su titularidad:<\/p>\n<\/div>\n<\/div>\n<div class=\"elementor-element elementor-element-94ab60e elementor-widget elementor-widget-text-editor is-mac\" data-id=\"94ab60e\" data-element_type=\"widget\" data-widget_type=\"text-editor.default\">\n<div class=\"elementor-widget-container\">\n<table>\n<tbody>\n<tr>\n<td width=\"325\"><strong>\u00a0<\/strong><\/p>\n<p><strong>Cookies propias<\/strong><\/td>\n<td width=\"325\">&nbsp;<\/p>\n<p>Aqu\u00e9llas que se env\u00edan al equipo terminal del usuario desde un equipo o dominio gestionado por el propio editor y desde el que se presta el servicio solicitado por el usuario.<\/p>\n<p>&nbsp;<\/td>\n<\/tr>\n<tr>\n<td width=\"325\"><strong>\u00a0<\/strong><\/p>\n<p><strong>\u00a0<\/strong><\/p>\n<p><strong>Cookies de terceros<\/strong><\/td>\n<td width=\"325\">&nbsp;<\/p>\n<p>Aqu\u00e9llas que se env\u00edan al equipo terminal del usuario desde un equipo o dominio que no es gestionado por el editor, sino por otra entidad que trata los datos obtenidos trav\u00e9s de las cookies.<\/td>\n<\/tr>\n<\/tbody>\n<\/table>\n<p>&nbsp;<\/p>\n<\/div>\n<\/div>\n<div class=\"elementor-element elementor-element-aae689c elementor-widget elementor-widget-text-editor is-mac\" data-id=\"aae689c\" data-element_type=\"widget\" data-widget_type=\"text-editor.default\">\n<div class=\"elementor-widget-container\">\n<p>La siguiente tabla recoge la clasificaci\u00f3n y descripci\u00f3n de las cookies utilizadas en la presente p\u00e1gina web para que puedas identificarlas en tu navegador:<\/p>\n<\/div>\n<\/div>\n<div class=\"elementor-element elementor-element-4a3d98a elementor-widget elementor-widget-text-editor is-mac\" data-id=\"4a3d98a\" data-element_type=\"widget\" data-widget_type=\"text-editor.default\">\n<div class=\"elementor-widget-container\">\n<table width=\"100%\">\n<tbody>\n<tr>\n<td width=\"27%\"><strong>Nombre<\/strong><\/td>\n<td width=\"21%\"><strong>Titular<\/strong><\/td>\n<td width=\"16%\"><strong>Datos recabados<\/strong><\/td>\n<td width=\"12%\"><strong>Finalidad<\/strong><\/td>\n<td width=\"23%\"><strong>Duraci\u00f3n<\/strong><\/td>\n<\/tr>\n<tr>\n<td width=\"27%\"><strong>_ga, _ga_[ID], _gid &amp; _gat_gatg_UA-[ID]<\/strong><\/td>\n<td width=\"21%\">Cookie propia (.fundacionshe.org)<\/td>\n<td width=\"16%\">Sesiones de los visitantes.<\/p>\n<p>_ga, _ga_[ID] &amp; _gid: Se usan para distinguir a los usuarios.<\/p>\n<p>_gat_gatg_UA-[ID]: Se usa para limitar el porcentaje de solicitudes<\/td>\n<td width=\"12%\">Anal\u00edtica.<\/td>\n<td width=\"23%\">_ga &amp; _ga_[ID]: 2 a\u00f1os.<\/p>\n<p>_gid: 1 d\u00eda.<\/p>\n<p><strong>_<\/strong>gat_gatg_UA-[ID]: 1 minuto.<\/p>\n<p>Para m\u00e1s informaci\u00f3n:<\/p>\n<p><a href=\"https:\/\/policies.google.com\/technologies\/cookies\">Pol\u00edtica de Cookies de Google<\/a><\/td>\n<\/tr>\n<tr>\n<td width=\"27%\"><strong>VISITOR_INFO1.LIVE<\/strong><\/td>\n<td width=\"21%\">Cookie de terceros (.youtube.com)<\/td>\n<td width=\"16%\">Sesiones de los visitantes.<\/td>\n<td width=\"12%\">Anal\u00edtica y Publicitaria.<\/td>\n<td width=\"23%\">180 d\u00edas.<\/p>\n<p>Para m\u00e1s informaci\u00f3n:<\/p>\n<p><a href=\"https:\/\/policies.google.com\/technologies\/cookies\">Pol\u00edtica de Cookies de Google<\/a><\/td>\n<\/tr>\n<tr>\n<td width=\"27%\"><strong>YSC<\/strong><\/td>\n<td width=\"21%\">Cookie de terceros (.youtube.com)<\/td>\n<td width=\"16%\">Sesiones de los visitantes.<\/td>\n<td width=\"12%\">Anal\u00edtica y Publicitaria.<\/td>\n<td width=\"23%\">Al finalizar la sesi\u00f3n con el navegador.<\/p>\n<p>Para m\u00e1s informaci\u00f3n:<\/p>\n<p><a href=\"https:\/\/policies.google.com\/technologies\/cookies\">Pol\u00edtica de Cookies de Google<\/a><\/td>\n<\/tr>\n<tr>\n<td width=\"27%\"><strong>DEVICE_INFO<\/strong><\/td>\n<td width=\"21%\">Cookie de terceros (.youtube.com)<\/td>\n<td width=\"16%\">Se utiliza para rastrear la interacci\u00f3n del usuario con el contenido incrustado.<\/td>\n<td width=\"12%\">Anal\u00edtica y Publicitaria.<\/td>\n<td width=\"23%\">180 d\u00edas.<\/p>\n<p>Para m\u00e1s informaci\u00f3n:<\/p>\n<p><a href=\"https:\/\/policies.google.com\/technologies\/cookies\">Pol\u00edtica de Cookies de Google<\/a><\/td>\n<\/tr>\n<tr>\n<td width=\"27%\"><strong>pll_language<\/strong><\/td>\n<td width=\"21%\">Cookie propia (fundacionshe.org)<\/td>\n<td width=\"16%\">Gesti\u00f3n del idioma de la web.<\/td>\n<td width=\"12%\">Personalizaci\u00f3n.<\/td>\n<td width=\"23%\">1 a\u00f1o.<\/td>\n<\/tr>\n<\/tbody>\n<\/table>\n<table>\n<tbody>\n<tr>\n<td width=\"113\">moove_gdpr_popup<\/td>\n<td width=\"113\">Cookie propia (fundacionshe.org)<\/td>\n<td width=\"113\">Sesiones de usuario para gesti\u00f3n de consentimientos de cookies.<\/td>\n<td width=\"113\">T\u00e9cnica.<\/td>\n<td width=\"113\">Hasta finalizar la sesi\u00f3n con el navegador.<\/td>\n<\/tr>\n<tr>\n<td width=\"113\">VISITOR_PRIVACY_METADATA<\/td>\n<td width=\"113\">Cookie de terceros (.youtube.com)<\/td>\n<td width=\"113\">Es una cookie de YouTube que se utiliza en el contexto de la privacidad del visitante en sitios web. Se utiliza para almacenar informaci\u00f3n sobre la configuraci\u00f3n de privacidad del visitante, como si ha aceptado o rechazado el uso de cookies o si ha optado por no participar en el seguimiento.<\/td>\n<td width=\"113\">T\u00e9cnica.<\/td>\n<td width=\"113\">6 meses<\/td>\n<\/tr>\n<tr>\n<td width=\"113\">__cf_bm<\/td>\n<td width=\"113\">Cookie de terceros (.vimeo.com)<\/td>\n<td width=\"113\">Sesiones de visitantes, es una cookie de cloudfare para seguridad contra bots.<\/td>\n<td width=\"113\">T\u00e9cnica.<\/td>\n<td width=\"113\">1 d\u00eda.<\/td>\n<\/tr>\n<tr>\n<td width=\"113\">_cfuvid<\/td>\n<td width=\"113\">Cookie de terceros (.vimeo.com)<\/td>\n<td width=\"113\">Sesiones de visitantes, es una cookie de cloudfare para seguridad contra bots. Se activa cuando usuarios comparten la misma I.P.<\/td>\n<td width=\"113\">T\u00e9cnica.<\/td>\n<td width=\"113\">Hasta finalizar la sesi\u00f3n con el navegador.<\/td>\n<\/tr>\n<tr>\n<td width=\"113\">vuid<\/td>\n<td width=\"113\">Cookie de terceros (.vimeo.com)<\/td>\n<td width=\"113\">Cookie utilizada por vimeo para realizar an\u00e1lisis estad\u00edsticos de los usuarios.<\/td>\n<td width=\"113\">An\u00e1lisis.<\/td>\n<td width=\"113\">400 d\u00edas.<\/td>\n<\/tr>\n<\/tbody>\n<\/table>\n<\/div>\n<\/div>\n<div class=\"elementor-element elementor-element-fed9c4e elementor-widget elementor-widget-text-editor is-mac\" data-id=\"fed9c4e\" data-element_type=\"widget\" data-widget_type=\"text-editor.default\">\n<div class=\"elementor-widget-container\">\n<p><b>Fundaci\u00f3n SHE<\/b>\u00a0utiliza cookies t\u00e9cnicas, de personalizaci\u00f3n, an\u00e1lisis y publicitarias, propias y de terceros, que tratan datos de conexi\u00f3n y\/o del dispositivo, as\u00ed como h\u00e1bitos de navegaci\u00f3n para fines estad\u00edsticos y publicitarios.<\/p>\n<p>Por ello, al acceder a nuestra web, en cumplimiento del art\u00edculo 22 de la Ley de Servicios de la Sociedad de la Informaci\u00f3n le hemos solicitado su consentimiento para su uso.<\/p>\n<p>El suministro de datos personales a trav\u00e9s de nuestro portal y el consentimiento para el uso de cookies requiere una edad m\u00ednima de 14 a\u00f1os y la aceptaci\u00f3n expresa de nuestra Pol\u00edtica de Privacidad.<\/p>\n<p>De todas formas, le informamos que puede activar o desactivar las cookies siguiendo las instrucciones de su navegador de Internet:<\/p>\n<\/div>\n<\/div>\n<div class=\"elementor-element elementor-element-d03ad72 elementor-widget elementor-widget-text-editor is-mac\" data-id=\"d03ad72\" data-element_type=\"widget\" data-widget_type=\"text-editor.default\">\n<div class=\"elementor-widget-container\">\n<table width=\"760\">\n<tbody>\n<tr>\n<td width=\"142\"><strong>Chrome<\/strong><\/p>\n<p><strong>\u00a0<\/strong><\/td>\n<td width=\"274\">Configuraci\u00f3n &gt; Mostrar opciones avanzadas &gt; Privacidad &gt; Configuraci\u00f3n de contenido.<\/td>\n<td width=\"246\"><a href=\"https:\/\/support.google.com\/\">support.google.com<\/a><\/p>\n<p>&nbsp;<\/td>\n<\/tr>\n<tr>\n<td width=\"142\"><strong>\u00a0<\/strong><\/p>\n<p><strong>Firefox<\/strong><\/p>\n<p><strong>\u00a0<\/strong><\/td>\n<td width=\"274\">Herramientas &gt; Opciones &gt; Privacidad &gt; Historial &gt; Configuraci\u00f3n Personalizada.<\/td>\n<td width=\"246\"><a href=\"https:\/\/support.mozilla.org\/\">support.mozilla.org<\/a><\/td>\n<\/tr>\n<tr>\n<td width=\"142\"><strong>Internet Explorer<\/strong><\/p>\n<p><strong>\u00a0<\/strong><\/td>\n<td width=\"274\">Herramientas &gt; Opciones de Internet &gt; Privacidad &gt; Configuraci\u00f3n.<\/p>\n<p>&nbsp;<\/td>\n<td width=\"246\"><a href=\"https:\/\/windows.microsoft.com\/\">windows.microsoft.com<\/a><\/td>\n<\/tr>\n<tr>\n<td width=\"142\"><strong>Opera<\/strong><\/p>\n<p><strong>\u00a0<\/strong><\/td>\n<td width=\"274\">Herramientas &gt; Preferencias &gt; Editar preferencias &gt; Cookies.<\/p>\n<p>&nbsp;<\/td>\n<td width=\"246\"><a href=\"http:\/\/www.opera.com\/help\/tutorials\/security\/cookies\/\">http:\/\/www.opera.com\/help\/tutorials\/security\/cookies\/<\/a><\/td>\n<\/tr>\n<tr>\n<td width=\"142\"><strong>\u00a0<\/strong><\/p>\n<p><strong>Safari<\/strong><\/p>\n<p><strong>\u00a0<\/strong><\/td>\n<td width=\"274\">Preferencias &gt; Seguridad.<\/p>\n<p>&nbsp;<\/td>\n<td width=\"246\"><a href=\"http:\/\/www.apple.com\/\">http:\/\/www.apple.com<\/a><\/td>\n<\/tr>\n<tr>\n<td width=\"142\"><strong>Edge<\/strong><\/p>\n<p><strong>\u00a0<\/strong><\/td>\n<td width=\"274\">Configuraci\u00f3n &gt; Ver configuraci\u00f3n avanzada &gt; Privacidad y servicios &gt; Cookies.<\/p>\n<p>&nbsp;<\/td>\n<td width=\"246\"><a href=\"https:\/\/privacy.microsoft.com\/es-es\/windows-10-microsoft-edge-and-privacy\">https:\/\/privacy.microsoft.com\/es-es\/windows-10-microsoft-edge-and-privacy<\/a><\/p>\n<p>&nbsp;<\/td>\n<\/tr>\n<\/tbody>\n<\/table>\n<\/div>\n<\/div>\n<\/div>\n<\/div>\n<\/div>\n<\/section>\n<\/div>\n<\/div>\n<div class=\"elementor-column elementor-col-50 elementor-top-column elementor-element elementor-element-fde4fa2\" data-id=\"fde4fa2\" data-element_type=\"column\"><\/div>\n","protected":false},"excerpt":{"rendered":"<p>Pol\u00edtica de cookies \u00bfQu\u00e9 son las cookies? Las cookies son peque\u00f1os archivos de datos que se reciben en el terminal desde el sitio Web visitado y se usan para registrar ciertas interacciones&#8230;<\/p>\n","protected":false},"author":1,"featured_media":0,"parent":0,"menu_order":0,"comment_status":"closed","ping_status":"closed","template":"","meta":[],"yoast_head":"<!-- This site is optimized with the Yoast SEO plugin v18.4.1 - https:\/\/yoast.com\/wordpress\/plugins\/seo\/ -->\n<title>Pol\u00edtica de Cookies - Healthy Communities 2030 - Fundaci\u00f3n SHE<\/title>\n<meta name=\"robots\" content=\"index, follow, max-snippet:-1, max-image-preview:large, max-video-preview:-1\" \/>\n<link rel=\"canonical\" href=\"https:\/\/fundacionshe.org\/healthycommunities2030\/es\/politica-de-cookies-2\/\" \/>\n<meta property=\"og:locale\" content=\"ca_ES\" \/>\n<meta property=\"og:type\" content=\"article\" \/>\n<meta property=\"og:title\" content=\"Pol\u00edtica de Cookies - Healthy Communities 2030 - Fundaci\u00f3n SHE\" \/>\n<meta property=\"og:description\" content=\"Pol\u00edtica de cookies \u00bfQu\u00e9 son las cookies? Las cookies son peque\u00f1os archivos de datos que se reciben en el terminal desde el sitio Web visitado y se usan para registrar ciertas interacciones...\" \/>\n<meta property=\"og:url\" content=\"https:\/\/fundacionshe.org\/healthycommunities2030\/es\/politica-de-cookies-2\/\" \/>\n<meta property=\"og:site_name\" content=\"Healthy Communities 2030 - Fundaci\u00f3n SHE\" \/>\n<meta property=\"article:modified_time\" content=\"2025-02-18T10:14:16+00:00\" \/>\n<meta name=\"twitter:card\" content=\"summary_large_image\" \/>\n<meta name=\"twitter:label1\" content=\"Temps estimat de lectura\" \/>\n\t<meta name=\"twitter:data1\" content=\"6 minuts\" \/>\n<script type=\"application\/ld+json\" class=\"yoast-schema-graph\">{\"@context\":\"https:\/\/schema.org\",\"@graph\":[{\"@type\":\"WebSite\",\"@id\":\"https:\/\/fundacionshe.org\/healthycommunities2030\/#website\",\"url\":\"https:\/\/fundacionshe.org\/healthycommunities2030\/\",\"name\":\"Healthy Communities 2030 - Fundaci\u00f3n SHE\",\"description\":\"Fundaci\u00f3n SHE - Foundation for Science, Health and Education\",\"potentialAction\":[{\"@type\":\"SearchAction\",\"target\":{\"@type\":\"EntryPoint\",\"urlTemplate\":\"https:\/\/fundacionshe.org\/healthycommunities2030\/?s={search_term_string}\"},\"query-input\":\"required name=search_term_string\"}],\"inLanguage\":\"ca\"},{\"@type\":\"WebPage\",\"@id\":\"https:\/\/fundacionshe.org\/healthycommunities2030\/es\/politica-de-cookies-2\/#webpage\",\"url\":\"https:\/\/fundacionshe.org\/healthycommunities2030\/es\/politica-de-cookies-2\/\",\"name\":\"Pol\u00edtica de Cookies - Healthy Communities 2030 - Fundaci\u00f3n SHE\",\"isPartOf\":{\"@id\":\"https:\/\/fundacionshe.org\/healthycommunities2030\/#website\"},\"datePublished\":\"2018-09-02T23:12:57+00:00\",\"dateModified\":\"2025-02-18T10:14:16+00:00\",\"breadcrumb\":{\"@id\":\"https:\/\/fundacionshe.org\/healthycommunities2030\/es\/politica-de-cookies-2\/#breadcrumb\"},\"inLanguage\":\"ca\",\"potentialAction\":[{\"@type\":\"ReadAction\",\"target\":[\"https:\/\/fundacionshe.org\/healthycommunities2030\/es\/politica-de-cookies-2\/\"]}]},{\"@type\":\"BreadcrumbList\",\"@id\":\"https:\/\/fundacionshe.org\/healthycommunities2030\/es\/politica-de-cookies-2\/#breadcrumb\",\"itemListElement\":[{\"@type\":\"ListItem\",\"position\":1,\"name\":\"Portada\",\"item\":\"https:\/\/fundacionshe.org\/healthycommunities2030\/\"},{\"@type\":\"ListItem\",\"position\":2,\"name\":\"Pol\u00edtica de Cookies\"}]}]}<\/script>\n<!-- \/ Yoast SEO plugin. -->","yoast_head_json":{"title":"Pol\u00edtica de Cookies - Healthy Communities 2030 - Fundaci\u00f3n SHE","robots":{"index":"index","follow":"follow","max-snippet":"max-snippet:-1","max-image-preview":"max-image-preview:large","max-video-preview":"max-video-preview:-1"},"canonical":"https:\/\/fundacionshe.org\/healthycommunities2030\/es\/politica-de-cookies-2\/","og_locale":"ca_ES","og_type":"article","og_title":"Pol\u00edtica de Cookies - Healthy Communities 2030 - Fundaci\u00f3n SHE","og_description":"Pol\u00edtica de cookies \u00bfQu\u00e9 son las cookies? Las cookies son peque\u00f1os archivos de datos que se reciben en el terminal desde el sitio Web visitado y se usan para registrar ciertas interacciones...","og_url":"https:\/\/fundacionshe.org\/healthycommunities2030\/es\/politica-de-cookies-2\/","og_site_name":"Healthy Communities 2030 - Fundaci\u00f3n SHE","article_modified_time":"2025-02-18T10:14:16+00:00","twitter_card":"summary_large_image","twitter_misc":{"Temps estimat de lectura":"6 minuts"},"schema":{"@context":"https:\/\/schema.org","@graph":[{"@type":"WebSite","@id":"https:\/\/fundacionshe.org\/healthycommunities2030\/#website","url":"https:\/\/fundacionshe.org\/healthycommunities2030\/","name":"Healthy Communities 2030 - Fundaci\u00f3n SHE","description":"Fundaci\u00f3n SHE - Foundation for Science, Health and Education","potentialAction":[{"@type":"SearchAction","target":{"@type":"EntryPoint","urlTemplate":"https:\/\/fundacionshe.org\/healthycommunities2030\/?s={search_term_string}"},"query-input":"required name=search_term_string"}],"inLanguage":"ca"},{"@type":"WebPage","@id":"https:\/\/fundacionshe.org\/healthycommunities2030\/es\/politica-de-cookies-2\/#webpage","url":"https:\/\/fundacionshe.org\/healthycommunities2030\/es\/politica-de-cookies-2\/","name":"Pol\u00edtica de Cookies - Healthy Communities 2030 - Fundaci\u00f3n SHE","isPartOf":{"@id":"https:\/\/fundacionshe.org\/healthycommunities2030\/#website"},"datePublished":"2018-09-02T23:12:57+00:00","dateModified":"2025-02-18T10:14:16+00:00","breadcrumb":{"@id":"https:\/\/fundacionshe.org\/healthycommunities2030\/es\/politica-de-cookies-2\/#breadcrumb"},"inLanguage":"ca","potentialAction":[{"@type":"ReadAction","target":["https:\/\/fundacionshe.org\/healthycommunities2030\/es\/politica-de-cookies-2\/"]}]},{"@type":"BreadcrumbList","@id":"https:\/\/fundacionshe.org\/healthycommunities2030\/es\/politica-de-cookies-2\/#breadcrumb","itemListElement":[{"@type":"ListItem","position":1,"name":"Portada","item":"https:\/\/fundacionshe.org\/healthycommunities2030\/"},{"@type":"ListItem","position":2,"name":"Pol\u00edtica de Cookies"}]}]}},"_links":{"self":[{"href":"https:\/\/fundacionshe.org\/healthycommunities2030\/wp-json\/wp\/v2\/pages\/651"}],"collection":[{"href":"https:\/\/fundacionshe.org\/healthycommunities2030\/wp-json\/wp\/v2\/pages"}],"about":[{"href":"https:\/\/fundacionshe.org\/healthycommunities2030\/wp-json\/wp\/v2\/types\/page"}],"author":[{"embeddable":true,"href":"https:\/\/fundacionshe.org\/healthycommunities2030\/wp-json\/wp\/v2\/users\/1"}],"replies":[{"embeddable":true,"href":"https:\/\/fundacionshe.org\/healthycommunities2030\/wp-json\/wp\/v2\/comments?post=651"}],"version-history":[{"count":2,"href":"https:\/\/fundacionshe.org\/healthycommunities2030\/wp-json\/wp\/v2\/pages\/651\/revisions"}],"predecessor-version":[{"id":2515,"href":"https:\/\/fundacionshe.org\/healthycommunities2030\/wp-json\/wp\/v2\/pages\/651\/revisions\/2515"}],"wp:attachment":[{"href":"https:\/\/fundacionshe.org\/healthycommunities2030\/wp-json\/wp\/v2\/media?parent=651"}],"curies":[{"name":"wp","href":"https:\/\/api.w.org\/{rel}","templated":true}]}}