{"id":642,"date":"2018-09-03T01:06:39","date_gmt":"2018-09-02T23:06:39","guid":{"rendered":"https:\/\/fundacionshe.org\/healthycommunities2030\/?page_id=642"},"modified":"2025-02-18T11:12:38","modified_gmt":"2025-02-18T10:12:38","slug":"politica-de-cookies","status":"publish","type":"page","link":"https:\/\/fundacionshe.org\/healthycommunities2030\/politica-de-cookies\/","title":{"rendered":"Pol\u00edtica de Cookies"},"content":{"rendered":"<div class=\"elementor-column elementor-col-50 elementor-top-column elementor-element elementor-element-e5ee4c1\" data-id=\"e5ee4c1\" data-element_type=\"column\">\n<div class=\"elementor-widget-wrap elementor-element-populated\">\n<div class=\"elementor-element elementor-element-6cc048f elementor-widget elementor-widget-text-editor is-mac\" data-id=\"6cc048f\" data-element_type=\"widget\" data-widget_type=\"text-editor.default\">\n<div class=\"elementor-widget-container\">\n<h1>Pol\u00edtica de cookies<\/h1>\n<p><strong>Qu\u00e8 s\u00f3n les galetes?<\/strong><\/p>\n<p>Les galetes s\u00f3n petits arxius de dades que es reben en el terminal des del lloc web visitat i s\u2019empren per a registrar unes determinades interaccions de la navegaci\u00f3 en un web, tot emmagatzemant dades que podran ser actualitzades i recuperades. Aquests arxius s\u2019emmagatzemen en l\u2019ordinador de l\u2019usuari i contenen dades an\u00f2nimes no perjudicials per al seu equip. S\u2019utilitzen per a recordar les prefer\u00e8ncies de l\u2019usuari, com l\u2019idioma seleccionat, dades d\u2019acc\u00e9s o personalitzaci\u00f3 de la p\u00e0gina.<\/p>\n<p>Les galetes tamb\u00e9 poden ser utilitzades per a registrar informaci\u00f3 an\u00f2nima sobre com un visitant utilitza un lloc, per exemple, des de quina p\u00e0gina web o b\u00e0ner publicitari ha accedit per a arribar-hi.<\/p>\n<p><strong>Quin \u00fas li donem als diferents tipus de galetes?<\/strong><\/p>\n<p>Segons la seva finalitat:<\/p>\n<\/div>\n<\/div>\n<section class=\"elementor-section elementor-inner-section elementor-element elementor-element-db51e6a elementor-section-boxed elementor-section-height-default elementor-section-height-default\" data-id=\"db51e6a\" data-element_type=\"section\">\n<div class=\"elementor-container elementor-column-gap-default\">\n<div class=\"elementor-column elementor-col-100 elementor-inner-column elementor-element elementor-element-7fe5599\" data-id=\"7fe5599\" data-element_type=\"column\">\n<div class=\"elementor-widget-wrap elementor-element-populated\">\n<div class=\"elementor-element elementor-element-0f0ea06 elementor-widget elementor-widget-text-editor is-mac\" data-id=\"0f0ea06\" data-element_type=\"widget\" data-widget_type=\"text-editor.default\">\n<div class=\"elementor-widget-container\">\n<table>\n<tbody>\n<tr>\n<td width=\"325\"><strong>\u00a0<\/strong><\/p>\n<p><strong>\u00a0<\/strong><\/p>\n<p><strong>\u00a0<\/strong><\/p>\n<p><strong>\u00a0<\/strong><\/p>\n<p><strong>Galetes t\u00e8cniques<\/strong><\/td>\n<td width=\"325\">&nbsp;<\/p>\n<p>Les galetes t\u00e8cniques s\u00f3n aquelles que faciliten la navegaci\u00f3 de l\u2019usuari i la utilitzaci\u00f3 de les diferents opcions o serveis que ofereix el web, com ara identificar la sessi\u00f3, permetre l\u2019acc\u00e9s a determinades \u00e0rees, facilitar comandes, compres, emplenament autom\u00e0tic de formularis, inscripcions, seguretat, facilitar funcionalitats (v\u00eddeos, xarxes socials\u2026).<\/p>\n<p>&nbsp;<\/td>\n<\/tr>\n<tr>\n<td width=\"325\"><strong>\u00a0<\/strong><\/p>\n<p><strong>\u00a0<\/strong><\/p>\n<p><strong>Galetes de personalitzaci\u00f3<\/strong><\/td>\n<td width=\"325\">&nbsp;<\/p>\n<p>Les galetes de personalitzaci\u00f3 permeten a l\u2019usuari accedir als serveis segons les seves prefer\u00e8ncies (idioma, navegador, configuraci\u00f3\u2026).<\/p>\n<p>&nbsp;<\/td>\n<\/tr>\n<tr>\n<td width=\"325\"><strong>\u00a0<\/strong><\/p>\n<p><strong>\u00a0<\/strong><\/p>\n<p><strong>Galetes anal\u00edtiques<\/strong><\/td>\n<td width=\"325\">&nbsp;<\/p>\n<p>Les galetes d\u2019an\u00e0lisis s\u00f3n les utilitzades per a dur a terme l\u2019an\u00e0lisi an\u00f2nima del comportament dels usuaris del web i que permeten mesurar l\u2019activitat de l\u2019usuari i elaborar perfils de navegaci\u00f3 amb la fi objectiva de millorar els llocs web.<\/p>\n<p>&nbsp;<\/td>\n<\/tr>\n<tr>\n<td width=\"325\"><strong>\u00a0<\/strong><\/p>\n<p><strong>\u00a0<\/strong><\/p>\n<p><strong>\u00a0<\/strong><\/p>\n<p><strong>\u00a0<\/strong><\/p>\n<p><strong>Galetes publicit\u00e0ries<\/strong><\/td>\n<td width=\"325\">&nbsp;<\/p>\n<p>Les galetes publicit\u00e0ries permeten la gesti\u00f3 dels espais publicitaris del web. A m\u00e9s, aquestes galetes poden ser de publicitat personalitzada i permetre aix\u00ed la gesti\u00f3 dels espais publicitaris del web sobre la base del comportament i h\u00e0bits de navegaci\u00f3 d\u2019usuari, d\u2019on s\u2019obt\u00e9 el seu perfil i permeten personalitzar la publicitat que es mostra en el navegador de l\u2019usuari o altres perfils i xarxes socials de l\u2019usuari.<\/p>\n<p>&nbsp;<\/td>\n<\/tr>\n<\/tbody>\n<\/table>\n<\/div>\n<\/div>\n<div class=\"elementor-element elementor-element-8777b66 elementor-widget elementor-widget-text-editor is-mac\" data-id=\"8777b66\" data-element_type=\"widget\" data-widget_type=\"text-editor.default\">\n<div class=\"elementor-widget-container\">\n<p>Segons el seu termini:<\/p>\n<\/div>\n<\/div>\n<div class=\"elementor-element elementor-element-f62d3b7 elementor-widget elementor-widget-text-editor is-mac\" data-id=\"f62d3b7\" data-element_type=\"widget\" data-widget_type=\"text-editor.default\">\n<div class=\"elementor-widget-container\">\n<table>\n<tbody>\n<tr>\n<td width=\"325\"><strong>\u00a0<\/strong><\/p>\n<p><strong>Galetes de sessi\u00f3<\/strong><\/td>\n<td width=\"325\">&nbsp;<\/p>\n<p>Les galetes de sessi\u00f3 s\u00f3n aquelles que duren el temps que l\u2019usuari est\u00e0 navegant per la p\u00e0gina web i s\u2019esborren en tancar el navegador.<\/p>\n<p>&nbsp;<\/td>\n<\/tr>\n<tr>\n<td width=\"325\"><strong>\u00a0<\/strong><\/p>\n<p><strong>\u00a0<\/strong><\/p>\n<p><strong>Galetes persistents<\/strong><\/td>\n<td width=\"325\">&nbsp;<\/p>\n<p>Aquestes galetes queden emmagatzemades en el terminal de l\u2019usuari fins que s\u00f3n eliminades manualment o hagi concl\u00f2s el per\u00edode de durada establert per a aquesta galeta.<\/p>\n<p>&nbsp;<\/td>\n<\/tr>\n<\/tbody>\n<\/table>\n<\/div>\n<\/div>\n<div class=\"elementor-element elementor-element-35692c8 elementor-widget elementor-widget-text-editor is-mac\" data-id=\"35692c8\" data-element_type=\"widget\" data-widget_type=\"text-editor.default\">\n<div class=\"elementor-widget-container\">\n<p>Segons la seva titularitat:<\/p>\n<\/div>\n<\/div>\n<div class=\"elementor-element elementor-element-3a9ea5f elementor-widget elementor-widget-text-editor is-mac\" data-id=\"3a9ea5f\" data-element_type=\"widget\" data-widget_type=\"text-editor.default\">\n<div class=\"elementor-widget-container\">\n<table>\n<tbody>\n<tr>\n<td width=\"325\"><strong>\u00a0<\/strong><\/p>\n<p><strong>Galetes pr\u00f2pies<\/strong><\/td>\n<td width=\"325\">&nbsp;<\/p>\n<p>Aquelles que s\u2019envien a l\u2019equip terminal de l\u2019usuari des d\u2019un equip o domini gestionat pel propi editor i des del qual es presta el servei sol\u00b7licitat per l\u2019usuari.<\/p>\n<p>&nbsp;<\/td>\n<\/tr>\n<tr>\n<td width=\"325\"><strong>\u00a0<\/strong><\/p>\n<p><strong>\u00a0<\/strong><\/p>\n<p><strong>Galetes de tercers<\/strong><\/td>\n<td width=\"325\">&nbsp;<\/p>\n<p>Aquelles que s\u2019envien a l\u2019equip terminal de l\u2019usuari des d\u2019un equip o domini que no \u00e9s gestionat per l\u2019editor, sin\u00f3 per una altra entitat que tracta les dades obtingudes trav\u00e9s de les galetes.<\/td>\n<\/tr>\n<\/tbody>\n<\/table>\n<\/div>\n<\/div>\n<div class=\"elementor-element elementor-element-91a0f33 elementor-widget elementor-widget-text-editor is-mac\" data-id=\"91a0f33\" data-element_type=\"widget\" data-widget_type=\"text-editor.default\">\n<div class=\"elementor-widget-container\">\n<p>La seg\u00fcent taula recull la classificaci\u00f3 i descripci\u00f3 de les galetes utilitzades en aquesta p\u00e0gina web perqu\u00e8 pugui identificar-les en el seu navegador:<\/p>\n<\/div>\n<\/div>\n<div class=\"elementor-element elementor-element-a071ae1 elementor-widget elementor-widget-text-editor is-mac\" data-id=\"a071ae1\" data-element_type=\"widget\" data-widget_type=\"text-editor.default\">\n<div class=\"elementor-widget-container\">\n<table width=\"100%\">\n<tbody>\n<tr>\n<td width=\"27%\"><strong>Nom<\/strong><\/td>\n<td width=\"21%\"><strong>Titular<\/strong><\/td>\n<td width=\"16%\"><strong>Dades obtingudes<\/strong><\/td>\n<td width=\"12%\"><strong>Finalitat<\/strong><\/td>\n<td width=\"23%\"><strong>Durada<\/strong><\/td>\n<\/tr>\n<tr>\n<td width=\"27%\"><strong>_ga, _ga_[ID], _gid &amp; _gat_gatg_UA-[ID]<\/strong><\/td>\n<td width=\"21%\">&nbsp;<\/p>\n<p>Galeta pr\u00f2pia (.fundacionshe.org)<\/td>\n<td width=\"16%\">Sessions dels visitants.<\/p>\n<p>_ga, _ga_[ID] &amp; _gid: S\u2019utilitzen per a diferenciar els usuaris.<\/p>\n<p>_gat_gatg_UA-[ID]: S\u2019utilitza per a limitar el percentatge de sol\u00b7licituds.<\/td>\n<td width=\"12%\">Anal\u00edtica.<\/td>\n<td width=\"23%\">_ga &amp; _ga_[ID]: 2 anys.<\/p>\n<p>_gid: 1 dia.<\/p>\n<p><strong>_<\/strong>gat_gatg_UA-[ID]: 1 minut.<\/p>\n<p>Per a m\u00e9s informaci\u00f3:<\/td>\n<\/tr>\n<tr>\n<td width=\"27%\"><strong>VISITOR_INFO1.LIVE<\/strong><\/td>\n<td width=\"21%\">Galeta de tercers (.youtube.com)<\/td>\n<td width=\"16%\">Sessions dels visitants.<\/td>\n<td width=\"12%\">Anal\u00edtica i publicit\u00e0ria.<\/td>\n<td width=\"23%\">180 dies.<\/p>\n<p>Per a m\u00e9s informaci\u00f3:<\/p>\n<p><a href=\"https:\/\/policies.google.com\/technologies\/cookies\">Pol\u00edtica de galetes de Google<\/a><\/td>\n<\/tr>\n<tr>\n<td width=\"27%\"><strong>YSC<\/strong><\/td>\n<td width=\"21%\">Galeta de tercers (.youtube.com)<\/td>\n<td width=\"16%\">Sessions dels visitants.<\/td>\n<td width=\"12%\">Anal\u00edtica i publicit\u00e0ria.<\/td>\n<td width=\"23%\">Al finalitzar la sessi\u00f3 amb el navegador.<\/p>\n<p>Per a m\u00e9s informaci\u00f3:<\/p>\n<p><a href=\"https:\/\/policies.google.com\/technologies\/cookies\">Pol\u00edtica de galetes de Google<\/a><\/td>\n<\/tr>\n<tr>\n<td width=\"27%\"><strong>DEVICE_INFO<\/strong><\/td>\n<td width=\"21%\">Galeta de tercers (.youtube.com)<\/td>\n<td width=\"16%\">S\u2019utilitza per a rastrejar la interacci\u00f3 de l\u2019usuari amb el contingut incrustat.<\/td>\n<td width=\"12%\">Anal\u00edtica i publicit\u00e0ria.<\/td>\n<td width=\"23%\">180 dies.<\/p>\n<p>Per a m\u00e9s informaci\u00f3:<\/p>\n<p><a href=\"https:\/\/policies.google.com\/technologies\/cookies\">Pol\u00edtica de galetes de Google<\/a><\/td>\n<\/tr>\n<tr>\n<td width=\"27%\"><strong>pll_language<\/strong><\/td>\n<td width=\"21%\">Galeta pr\u00f2pia (fundacionshe.org)<\/td>\n<td width=\"16%\">Gesti\u00f3 de l\u2019idioma del web.<\/td>\n<td width=\"12%\">Personalitzaci\u00f3.<\/td>\n<td width=\"23%\">1 any.<\/td>\n<\/tr>\n<\/tbody>\n<\/table>\n<table>\n<tbody>\n<tr>\n<td width=\"113\">moove_gdpr_popup<\/td>\n<td width=\"113\">Cookie propia (fundacionshe.org)<\/td>\n<td width=\"113\">Sesiones de usuario para gesti\u00f3n de consentimientos de cookies.<\/td>\n<td width=\"113\">T\u00e9cnica.<\/td>\n<td width=\"113\">Hasta finalizar la sesi\u00f3n con el navegador.<\/td>\n<\/tr>\n<tr>\n<td width=\"113\">VISITOR_PRIVACY_METADATA<\/td>\n<td width=\"113\">Cookie de terceros (.youtube.com)<\/td>\n<td width=\"113\">Es una cookie de YouTube que se utiliza en el contexto de la privacidad del visitante en sitios web. Se utiliza para almacenar informaci\u00f3n sobre la configuraci\u00f3n de privacidad del visitante, como si ha aceptado o rechazado el uso de cookies o si ha optado por no participar en el seguimiento.<\/td>\n<td width=\"113\">T\u00e9cnica.<\/td>\n<td width=\"113\">6 meses<\/td>\n<\/tr>\n<tr>\n<td width=\"113\">__cf_bm<\/td>\n<td width=\"113\">Cookie de terceros (.vimeo.com)<\/td>\n<td width=\"113\">Sesiones de visitantes, es una cookie de cloudfare para seguridad contra bots.<\/td>\n<td width=\"113\">T\u00e9cnica.<\/td>\n<td width=\"113\">1 d\u00eda.<\/td>\n<\/tr>\n<tr>\n<td width=\"113\">_cfuvid<\/td>\n<td width=\"113\">Cookie de terceros (.vimeo.com)<\/td>\n<td width=\"113\">Sesiones de visitantes, es una cookie de cloudfare para seguridad contra bots. Se activa cuando usuarios comparten la misma I.P.<\/td>\n<td width=\"113\">T\u00e9cnica.<\/td>\n<td width=\"113\">Hasta finalizar la sesi\u00f3n con el navegador.<\/td>\n<\/tr>\n<tr>\n<td width=\"113\">vuid<\/td>\n<td width=\"113\">Cookie de terceros (.vimeo.com)<\/td>\n<td width=\"113\">Cookie utilizada por vimeo para realizar an\u00e1lisis estad\u00edsticos de los usuarios.<\/td>\n<td width=\"113\">An\u00e1lisis.<\/td>\n<td width=\"113\">400 d\u00edas.<\/td>\n<\/tr>\n<\/tbody>\n<\/table>\n<\/div>\n<\/div>\n<div class=\"elementor-element elementor-element-1c605a5 elementor-widget elementor-widget-text-editor is-mac\" data-id=\"1c605a5\" data-element_type=\"widget\" data-widget_type=\"text-editor.default\">\n<div class=\"elementor-widget-container\">\n<p>La\u00a0<strong>Fundaci\u00f3 SHE<\/strong>\u00a0utilitza galetes t\u00e8cniques, de personalitzaci\u00f3, an\u00e0lisi i publicit\u00e0ries, pr\u00f2pies i de tercers, que tracten dades de connexi\u00f3 i\/o del dispositiu, aix\u00ed com h\u00e0bits de navegaci\u00f3 per a fins estad\u00edstics i publicitaris.<\/p>\n<p>Per aix\u00f2, en accedir al nostre web, en compliment de l\u2019article 22 de la Llei de Serveis de la Societat de la Informaci\u00f3 li hem sol\u00b7licitat el seu consentiment per al seu \u00fas.<\/p>\n<p>El subministrament de dades personals a trav\u00e9s del nostre portal i el consentiment per a l\u2019\u00fas de galetes requereix una edat m\u00ednima de 14 anys i l\u2019acceptaci\u00f3 expressa de la nostra Pol\u00edtica de Privadesa.<\/p>\n<p>De totes maneres, l\u2019informem que pot activar o desactivar les galetes seguint les instruccions del seu navegador d\u2019Internet:<\/p>\n<\/div>\n<\/div>\n<div class=\"elementor-element elementor-element-1735835 elementor-widget elementor-widget-text-editor is-mac\" data-id=\"1735835\" data-element_type=\"widget\" data-widget_type=\"text-editor.default\">\n<div class=\"elementor-widget-container\">\n<table width=\"760\">\n<tbody>\n<tr>\n<td width=\"142\"><strong>Chrome<\/strong><\/p>\n<p><strong>\u00a0<\/strong><\/td>\n<td width=\"274\">Configuraci\u00f3 &gt; Mostrar opcions avan\u00e7ades &gt; Privadesa &gt; Configuraci\u00f3 de contingut<\/td>\n<td width=\"246\"><a href=\"https:\/\/support.google.com\/\">support.google.com<\/a><\/p>\n<p>&nbsp;<\/td>\n<\/tr>\n<tr>\n<td width=\"142\"><strong>\u00a0<\/strong><\/p>\n<p><strong>Firefox<\/strong><\/p>\n<p><strong>\u00a0<\/strong><\/td>\n<td width=\"274\">Eines &gt; Opcions &gt; Privadesa &gt; Historial &gt; Configuraci\u00f3 personalitzada<\/td>\n<td width=\"246\"><a href=\"https:\/\/support.mozilla.org\/\">support.mozilla.org<\/a><\/td>\n<\/tr>\n<tr>\n<td width=\"142\"><strong>Internet Explorer<\/strong><\/p>\n<p><strong>\u00a0<\/strong><\/td>\n<td width=\"274\">Eines &gt; Opcions d\u2019Internet &gt; Privadesa &gt; Configuraci\u00f3<\/p>\n<p>&nbsp;<\/td>\n<td width=\"246\"><a href=\"https:\/\/windows.microsoft.com\/\">windows.microsoft.com<\/a><\/td>\n<\/tr>\n<tr>\n<td width=\"142\"><strong>Opera<\/strong><\/p>\n<p><strong>\u00a0<\/strong><\/td>\n<td width=\"274\">Eines &gt; Prefer\u00e8ncies &gt; Editar prefer\u00e8ncies &gt; Galetes<\/p>\n<p>&nbsp;<\/td>\n<td width=\"246\"><a href=\"http:\/\/www.opera.com\/help\/tutorials\/security\/cookies\/\">http:\/\/www.opera.com\/help\/tutorials\/security\/cookies\/<\/a><\/td>\n<\/tr>\n<tr>\n<td width=\"142\"><strong>\u00a0<\/strong><\/p>\n<p><strong>Safari<\/strong><\/p>\n<p><strong>\u00a0<\/strong><\/td>\n<td width=\"274\">Prefer\u00e8ncies &gt;Seguretat<\/p>\n<p>&nbsp;<\/td>\n<td width=\"246\"><a href=\"http:\/\/www.apple.com\/\">http:\/\/www.apple.com<\/a><\/td>\n<\/tr>\n<tr>\n<td width=\"142\"><strong>Edge<\/strong><\/p>\n<p><strong>\u00a0<\/strong><\/td>\n<td width=\"274\">Configuraci\u00f3 &gt; Veure configuraci\u00f3 avan\u00e7ada &gt; Privadesa i serveis &gt; Galetes<\/p>\n<p>&nbsp;<\/td>\n<td width=\"246\"><a href=\"https:\/\/privacy.microsoft.com\/es-es\/windows-10-microsoft-edge-and-privacy\">https:\/\/privacy.microsoft.com\/es-es\/windows-10-microsoft-edge-and-privacy<\/a><\/p>\n<p>&nbsp;<\/td>\n<\/tr>\n<\/tbody>\n<\/table>\n<\/div>\n<\/div>\n<\/div>\n<\/div>\n<\/div>\n<\/section>\n<\/div>\n<\/div>\n<div class=\"elementor-column elementor-col-50 elementor-top-column elementor-element elementor-element-7cd4f2e\" data-id=\"7cd4f2e\" data-element_type=\"column\"><\/div>\n","protected":false},"excerpt":{"rendered":"<p>Pol\u00edtica de cookies Qu\u00e8 s\u00f3n les galetes? Les galetes s\u00f3n petits arxius de dades que es reben en el terminal des del lloc web visitat i s\u2019empren per a registrar unes determinades&#8230;<\/p>\n","protected":false},"author":1,"featured_media":0,"parent":0,"menu_order":0,"comment_status":"closed","ping_status":"closed","template":"","meta":[],"yoast_head":"<!-- This site is optimized with the Yoast SEO plugin v18.4.1 - https:\/\/yoast.com\/wordpress\/plugins\/seo\/ -->\n<title>Pol\u00edtica de Cookies - Healthy Communities 2030 - Fundaci\u00f3n SHE<\/title>\n<meta name=\"robots\" content=\"index, follow, max-snippet:-1, max-image-preview:large, max-video-preview:-1\" \/>\n<link rel=\"canonical\" href=\"https:\/\/fundacionshe.org\/healthycommunities2030\/politica-de-cookies\/\" \/>\n<meta property=\"og:locale\" content=\"ca_ES\" \/>\n<meta property=\"og:type\" content=\"article\" \/>\n<meta property=\"og:title\" content=\"Pol\u00edtica de Cookies - Healthy Communities 2030 - Fundaci\u00f3n SHE\" \/>\n<meta property=\"og:description\" content=\"Pol\u00edtica de cookies Qu\u00e8 s\u00f3n les galetes? Les galetes s\u00f3n petits arxius de dades que es reben en el terminal des del lloc web visitat i s\u2019empren per a registrar unes determinades...\" \/>\n<meta property=\"og:url\" content=\"https:\/\/fundacionshe.org\/healthycommunities2030\/politica-de-cookies\/\" \/>\n<meta property=\"og:site_name\" content=\"Healthy Communities 2030 - Fundaci\u00f3n SHE\" \/>\n<meta property=\"article:modified_time\" content=\"2025-02-18T10:12:38+00:00\" \/>\n<meta name=\"twitter:card\" content=\"summary_large_image\" \/>\n<meta name=\"twitter:label1\" content=\"Temps estimat de lectura\" \/>\n\t<meta name=\"twitter:data1\" content=\"6 minuts\" \/>\n<script type=\"application\/ld+json\" class=\"yoast-schema-graph\">{\"@context\":\"https:\/\/schema.org\",\"@graph\":[{\"@type\":\"WebSite\",\"@id\":\"https:\/\/fundacionshe.org\/healthycommunities2030\/#website\",\"url\":\"https:\/\/fundacionshe.org\/healthycommunities2030\/\",\"name\":\"Healthy Communities 2030 - Fundaci\u00f3n SHE\",\"description\":\"Fundaci\u00f3n SHE - Foundation for Science, Health and Education\",\"potentialAction\":[{\"@type\":\"SearchAction\",\"target\":{\"@type\":\"EntryPoint\",\"urlTemplate\":\"https:\/\/fundacionshe.org\/healthycommunities2030\/?s={search_term_string}\"},\"query-input\":\"required name=search_term_string\"}],\"inLanguage\":\"ca\"},{\"@type\":\"WebPage\",\"@id\":\"https:\/\/fundacionshe.org\/healthycommunities2030\/politica-de-cookies\/#webpage\",\"url\":\"https:\/\/fundacionshe.org\/healthycommunities2030\/politica-de-cookies\/\",\"name\":\"Pol\u00edtica de Cookies - Healthy Communities 2030 - Fundaci\u00f3n SHE\",\"isPartOf\":{\"@id\":\"https:\/\/fundacionshe.org\/healthycommunities2030\/#website\"},\"datePublished\":\"2018-09-02T23:06:39+00:00\",\"dateModified\":\"2025-02-18T10:12:38+00:00\",\"breadcrumb\":{\"@id\":\"https:\/\/fundacionshe.org\/healthycommunities2030\/politica-de-cookies\/#breadcrumb\"},\"inLanguage\":\"ca\",\"potentialAction\":[{\"@type\":\"ReadAction\",\"target\":[\"https:\/\/fundacionshe.org\/healthycommunities2030\/politica-de-cookies\/\"]}]},{\"@type\":\"BreadcrumbList\",\"@id\":\"https:\/\/fundacionshe.org\/healthycommunities2030\/politica-de-cookies\/#breadcrumb\",\"itemListElement\":[{\"@type\":\"ListItem\",\"position\":1,\"name\":\"Portada\",\"item\":\"https:\/\/fundacionshe.org\/healthycommunities2030\/\"},{\"@type\":\"ListItem\",\"position\":2,\"name\":\"Pol\u00edtica de Cookies\"}]}]}<\/script>\n<!-- \/ Yoast SEO plugin. -->","yoast_head_json":{"title":"Pol\u00edtica de Cookies - Healthy Communities 2030 - Fundaci\u00f3n SHE","robots":{"index":"index","follow":"follow","max-snippet":"max-snippet:-1","max-image-preview":"max-image-preview:large","max-video-preview":"max-video-preview:-1"},"canonical":"https:\/\/fundacionshe.org\/healthycommunities2030\/politica-de-cookies\/","og_locale":"ca_ES","og_type":"article","og_title":"Pol\u00edtica de Cookies - Healthy Communities 2030 - Fundaci\u00f3n SHE","og_description":"Pol\u00edtica de cookies Qu\u00e8 s\u00f3n les galetes? Les galetes s\u00f3n petits arxius de dades que es reben en el terminal des del lloc web visitat i s\u2019empren per a registrar unes determinades...","og_url":"https:\/\/fundacionshe.org\/healthycommunities2030\/politica-de-cookies\/","og_site_name":"Healthy Communities 2030 - Fundaci\u00f3n SHE","article_modified_time":"2025-02-18T10:12:38+00:00","twitter_card":"summary_large_image","twitter_misc":{"Temps estimat de lectura":"6 minuts"},"schema":{"@context":"https:\/\/schema.org","@graph":[{"@type":"WebSite","@id":"https:\/\/fundacionshe.org\/healthycommunities2030\/#website","url":"https:\/\/fundacionshe.org\/healthycommunities2030\/","name":"Healthy Communities 2030 - Fundaci\u00f3n SHE","description":"Fundaci\u00f3n SHE - Foundation for Science, Health and Education","potentialAction":[{"@type":"SearchAction","target":{"@type":"EntryPoint","urlTemplate":"https:\/\/fundacionshe.org\/healthycommunities2030\/?s={search_term_string}"},"query-input":"required name=search_term_string"}],"inLanguage":"ca"},{"@type":"WebPage","@id":"https:\/\/fundacionshe.org\/healthycommunities2030\/politica-de-cookies\/#webpage","url":"https:\/\/fundacionshe.org\/healthycommunities2030\/politica-de-cookies\/","name":"Pol\u00edtica de Cookies - Healthy Communities 2030 - Fundaci\u00f3n SHE","isPartOf":{"@id":"https:\/\/fundacionshe.org\/healthycommunities2030\/#website"},"datePublished":"2018-09-02T23:06:39+00:00","dateModified":"2025-02-18T10:12:38+00:00","breadcrumb":{"@id":"https:\/\/fundacionshe.org\/healthycommunities2030\/politica-de-cookies\/#breadcrumb"},"inLanguage":"ca","potentialAction":[{"@type":"ReadAction","target":["https:\/\/fundacionshe.org\/healthycommunities2030\/politica-de-cookies\/"]}]},{"@type":"BreadcrumbList","@id":"https:\/\/fundacionshe.org\/healthycommunities2030\/politica-de-cookies\/#breadcrumb","itemListElement":[{"@type":"ListItem","position":1,"name":"Portada","item":"https:\/\/fundacionshe.org\/healthycommunities2030\/"},{"@type":"ListItem","position":2,"name":"Pol\u00edtica de Cookies"}]}]}},"_links":{"self":[{"href":"https:\/\/fundacionshe.org\/healthycommunities2030\/wp-json\/wp\/v2\/pages\/642"}],"collection":[{"href":"https:\/\/fundacionshe.org\/healthycommunities2030\/wp-json\/wp\/v2\/pages"}],"about":[{"href":"https:\/\/fundacionshe.org\/healthycommunities2030\/wp-json\/wp\/v2\/types\/page"}],"author":[{"embeddable":true,"href":"https:\/\/fundacionshe.org\/healthycommunities2030\/wp-json\/wp\/v2\/users\/1"}],"replies":[{"embeddable":true,"href":"https:\/\/fundacionshe.org\/healthycommunities2030\/wp-json\/wp\/v2\/comments?post=642"}],"version-history":[{"count":2,"href":"https:\/\/fundacionshe.org\/healthycommunities2030\/wp-json\/wp\/v2\/pages\/642\/revisions"}],"predecessor-version":[{"id":2512,"href":"https:\/\/fundacionshe.org\/healthycommunities2030\/wp-json\/wp\/v2\/pages\/642\/revisions\/2512"}],"wp:attachment":[{"href":"https:\/\/fundacionshe.org\/healthycommunities2030\/wp-json\/wp\/v2\/media?parent=642"}],"curies":[{"name":"wp","href":"https:\/\/api.w.org\/{rel}","templated":true}]}}