{"id":638,"date":"2018-09-03T01:05:46","date_gmt":"2018-09-02T23:05:46","guid":{"rendered":"https:\/\/fundacionshe.org\/healthycommunities2030\/?page_id=638"},"modified":"2025-02-18T11:12:05","modified_gmt":"2025-02-18T10:12:05","slug":"politica-de-privacitat","status":"publish","type":"page","link":"https:\/\/fundacionshe.org\/healthycommunities2030\/politica-de-privacitat\/","title":{"rendered":"Pol\u00edtica de privacitat"},"content":{"rendered":"<h1>Pol\u00edtica de Privacitat<\/h1>\n<p>La confidencialitat i la seguretat s\u00f3n valors primordials de FUNDACIO PRIVADA SHE i, en conseq\u00fc\u00e8ncia, assumim el comprom\u00eds de garantir la privacitat de l\u2019usuari a tot moment i de no recaptar informaci\u00f3 innecess\u00e0ria sobre l\u2019Usuari. A continuaci\u00f3, li proporcionem tota la informaci\u00f3 necess\u00e0ria sobre la nostra Pol\u00edtica de Privadesa en relaci\u00f3 amb les dades personals que recaptem, explicant-li:<\/p>\n<p>\u2013\u00a0\u00a0\u00a0\u00a0\u00a0\u00a0\u00a0\u00a0\u00a0 Qui \u00e9s el responsable del tractament de les seves dades.<\/p>\n<p>\u2013\u00a0\u00a0\u00a0\u00a0\u00a0\u00a0\u00a0\u00a0\u00a0 Per quines finalitats recaptem les dades que li sol\u00b7licitem.<\/p>\n<p>\u2013\u00a0\u00a0\u00a0\u00a0\u00a0\u00a0\u00a0\u00a0\u00a0 Quina \u00e9s la legitimaci\u00f3 per al seu tractament.<\/p>\n<p>\u2013\u00a0\u00a0\u00a0\u00a0\u00a0\u00a0\u00a0\u00a0\u00a0 Durant quant temps les conservem.<\/p>\n<p>\u2013\u00a0\u00a0\u00a0\u00a0\u00a0\u00a0\u00a0\u00a0\u00a0 A quins destinataris es comuniquen les seves dades.<\/p>\n<p>\u2013\u00a0\u00a0\u00a0\u00a0\u00a0\u00a0\u00a0\u00a0\u00a0 Quins s\u00f3n els seus drets.<\/p>\n<p>&nbsp;<\/p>\n<ol>\n<li><strong>Responsable<\/strong>:<\/li>\n<\/ol>\n<p>FUNDACIO PRIVADA SHE G65269284<br \/>\nArag\u00f3 186, 2\u00ba, 3\u00aa 08011 Barcelona ( BARCELONA )<br \/>\nfundacionshe@delegado-datos.com\u00a0(contacto DPD)<\/p>\n<ol start=\"2\">\n<li><strong>Finalitats, legitimaci\u00f3 i conservaci\u00f3 dels tractaments de les dades enviades a trav\u00e9s de:<\/strong><\/li>\n<\/ol>\n<ul>\n<li>FORMULARI DE CONTACTE.<\/li>\n<\/ul>\n<p><strong>Finalitat:<\/strong>Facilitar-li un mitj\u00e0 perqu\u00e8 pugui posar-se en contacte amb nosaltres i contestar a les seves sol\u00b7licituds d\u2019informaci\u00f3, aix\u00ed com enviar-li comunicacions dels nostres productes, serveis i activitats, inclusivament per mitjans electr\u00f2nics, si marca la casella d\u2019acceptaci\u00f3.<\/p>\n<p><strong>Legitimaci\u00f3:<\/strong>El consentiment de l\u2019usuari en sol\u00b7licitar-nos informaci\u00f3 a trav\u00e9s del nostre formulari de contactes i en marcar la casella d\u2019acceptaci\u00f3 d\u2019enviament d\u2019informaci\u00f3.<\/p>\n<p><strong>Conservaci\u00f3:<\/strong>Una vegada resolta la seva sol\u00b7licitud per mitj\u00e0 del nostre formulari o contestada per correu electr\u00f2nic, si no ha generat un nou tractament, i en cas d\u2019haver acceptat rebre enviaments comercials, fins que sol\u00b7liciti la baixa d\u2019aquests.<\/p>\n<ul>\n<li>ENVIAMENT DE CORREUS ELECTR\u00d2NICS.<\/li>\n<\/ul>\n<p><strong>Finalitat:<\/strong>\u00a0Contestar a les seves sol\u00b7licituds d\u2019informaci\u00f3, atendre les seves peticions i respondre les seves consultes o dubtes. En cas de rebre el seu Curriculum vitae, les seves dades personals i curriculars podran formar part de les nostres bases de dades per a participar en els nostres processos de selecci\u00f3 presents i futurs.<\/p>\n<p><strong>Legitimaci\u00f3:<\/strong>\u00a0El consentiment de l\u2019usuari en sol\u00b7licitar-nos informaci\u00f3 a trav\u00e9s de l\u2019adre\u00e7a de correu electr\u00f2nic o enviar-nos les seves dades i CV per a participar en els nostres processos de selecci\u00f3.<\/p>\n<p><strong>Conservaci\u00f3:<\/strong>Una vegada resulta contestada la seva petici\u00f3 per correu electr\u00f2nic, si no ha generat un nou tractament. En el cas de rebre el seu CV, les seves dades podran ser conservats durant un any m\u00e0xim per a futurs processos de selecci\u00f3.<\/p>\n<p><strong>Obligaci\u00f3 de facilitar-nos les seves dades personals i conseq\u00fc\u00e8ncies de no fer-ho.<\/strong><\/p>\n<p>El subministrament de dades personals requereix una edat m\u00ednima de 14 anys, o si escau, disposar de capacitat jur\u00eddica suficient per contractar.<\/p>\n<p>Les dades personals sol\u00b7licitades s\u00f3n necess\u00e0ries per gestionar les seves sol\u00b7licituds i\/o prestar-li els serveis que pugui contractar, per la qual cosa, si no ens les facilita, no podrem atendre-li correctament ni prestar-li el servei que ha sol\u00b7licitat.<\/p>\n<ol start=\"3\">\n<li><strong>Destinataris de les seves dades<\/strong><\/li>\n<\/ol>\n<p>Les seves dades s\u00f3n confidencials i no se cediran a tercers, tret que existeixi obligaci\u00f3 legal.<\/p>\n<ol start=\"4\">\n<li><strong>Drets en relaci\u00f3 amb les seves dades personals<\/strong><\/li>\n<\/ol>\n<p>Qualsevol persona pot retirar el seu consentiment en qualsevol moment, quan el mateix s\u2019hagi atorgat per al tractament de les seves dades. En cap cas, la retirada d\u2019aquest consentiment condiciona l\u2019execuci\u00f3 del contracte de subscripci\u00f3 o les relacions generades amb anterioritat.<\/p>\n<p>Igualment, pot exercir els seg\u00fcents drets:<\/p>\n<p>\u2013\u00a0\u00a0\u00a0\u00a0\u00a0\u00a0\u00a0\u00a0\u00a0 Sol\u00b7licitar l\u2019acc\u00e9s a les seves dades personals o la seva rectificaci\u00f3 quan siguin inexactes.<\/p>\n<p>\u2013\u00a0\u00a0\u00a0\u00a0\u00a0\u00a0\u00a0\u00a0\u00a0 Sol\u00b7licitar la seva supressi\u00f3 quan, entre altres motius, les dades ja no siguin necessaris per a les finalitats pels quals van ser recollits.<\/p>\n<p>\u2013\u00a0\u00a0\u00a0\u00a0\u00a0\u00a0\u00a0\u00a0\u00a0 Sol\u00b7licitar la limitaci\u00f3 del seu tractament en determinades circumst\u00e0ncies.<\/p>\n<p>\u2013\u00a0\u00a0\u00a0\u00a0\u00a0\u00a0\u00a0\u00a0\u00a0 Sol\u00b7licitar l\u2019oposici\u00f3 al tractament de les seves dades per motius relacionats amb la seva situaci\u00f3 particular.<\/p>\n<p>\u2013\u00a0\u00a0\u00a0\u00a0\u00a0\u00a0\u00a0\u00a0\u00a0 Sol\u00b7licitar la portabilitat de les dades en els casos previstos en la normativa.<\/p>\n<p>\u2013\u00a0\u00a0\u00a0\u00a0\u00a0\u00a0\u00a0\u00a0\u00a0 Altres drets reconeguts en les normatives aplicables.<\/p>\n<p>On i com sol\u00b7licitar els seus Drets: Mitjan\u00e7ant un escrit dirigit al responsable a la seva adre\u00e7a postal o electr\u00f2nica (indicades a l\u2019apartat A), indicant la referencia \u201cDades Personals\u201d, especificant el dret que es vol exercir i respecte a quines dades personals.<\/p>\n<p>En cas de diverg\u00e8ncies amb l\u2019empresa en relaci\u00f3 al tractament de les seves dades, pot presentar una reclamaci\u00f3 davant l\u2019Autoritat de Protecci\u00f3 de Dades (<a href=\"http:\/\/www.agpd.es\/\">www.agpd.es<\/a>).<\/p>\n<ol start=\"5\">\n<li><strong>Cookies<\/strong><\/li>\n<\/ol>\n<p>Aquesta p\u00e0gina web no utilitza cookies i, per tant, no es tracten dades de connexi\u00f3 i\/o dispositius per a finalitats estad\u00edstiques, ni es capten h\u00e0bits de navegaci\u00f3 per a finalitats publicit\u00e0ries. Per aix\u00f2, no es demana, d\u2019acord amb l\u2019article 22 de la Llei de Serveis de la Societat de la Informaci\u00f3, el seu consentiment per a la seva instal\u00b7laci\u00f3 temporal durant la seva sessi\u00f3 de navegaci\u00f3.<\/p>\n<p>Aquesta p\u00e0gina web utilitza cookies t\u00e8cniques, de personalitzaci\u00f3, d\u2019an\u00e0lisis i publicit\u00e0ries, pr\u00f2pies i de tercers, que tracten dades de connexi\u00f3 i\/o del dispositiu, aix\u00ed com h\u00e0bits de navegaci\u00f3 per a finalitats estad\u00edstiques i publicit\u00e0ries. Per aix\u00f2, a l\u2019accedir a la nostra web, en compliment de l\u2019article 22 de la Llei de Serveis de la Societat de la Informaci\u00f3, en tractar les cookies mencionades, li hem sol\u00b7licitat el seu consentiment per a l\u2019\u00fas i facilitat informaci\u00f3 de les mateixes.<\/p>\n<ol start=\"6\">\n<li><strong>Seguretat de les seves dades personals<\/strong><\/li>\n<\/ol>\n<p>Amb l\u2019objectiu de salvaguardar la seguretat de les seves dades personals, l\u2019informem que hem adoptat totes les mesures d\u2019\u00edndole t\u00e8cnica i organitzativa necess\u00e0ries per garantir la seguretat de les dades personals subministrades de la seva alteraci\u00f3, p\u00e8rdua, i tractaments o accessos no autoritzats.<\/p>\n<ol start=\"7\">\n<li><strong>Actualitzaci\u00f3 de les seves dades<\/strong><\/li>\n<\/ol>\n<p>\u00c9s important que perqu\u00e8 puguem mantenir les seves dades personals actualitzades, ens informi sempre que hi hagi hagut alguna modificaci\u00f3 en elles, en cas contrari, no responem de la veracitat d\u2019aquestes.<\/p>\n<p>No ens fem responsables de la pol\u00edtica de privadesa respecte a les dades personals que pugui facilitar a tercers per mitj\u00e0 dels enlla\u00e7os disponibles a la nostra p\u00e0gina web.<\/p>\n<p>La present Pol\u00edtica de Privadesa pot ser modificada per adaptar-la als canvis que es produeixin a la nostra web, aix\u00ed com modificacions legislatives o jurisprudencials sobre dades personals que vagin apareixent, per la qual cosa exigeix la seva lectura, cada vegada que ens faciliti les seves dades a trav\u00e9s d\u2019aquesta Web.<\/p>\n","protected":false},"excerpt":{"rendered":"<p>Pol\u00edtica de Privacitat La confidencialitat i la seguretat s\u00f3n valors primordials de FUNDACIO PRIVADA SHE i, en conseq\u00fc\u00e8ncia, assumim el comprom\u00eds de garantir la privacitat de l\u2019usuari a tot moment i de&#8230;<\/p>\n","protected":false},"author":1,"featured_media":0,"parent":0,"menu_order":0,"comment_status":"closed","ping_status":"closed","template":"","meta":[],"yoast_head":"<!-- This site is optimized with the Yoast SEO plugin v18.4.1 - https:\/\/yoast.com\/wordpress\/plugins\/seo\/ -->\n<title>Pol\u00edtica de privacitat - Healthy Communities 2030 - Fundaci\u00f3n SHE<\/title>\n<meta name=\"robots\" content=\"index, follow, max-snippet:-1, max-image-preview:large, max-video-preview:-1\" \/>\n<link rel=\"canonical\" href=\"https:\/\/fundacionshe.org\/healthycommunities2030\/politica-de-privacitat\/\" \/>\n<meta property=\"og:locale\" content=\"ca_ES\" \/>\n<meta property=\"og:type\" content=\"article\" \/>\n<meta property=\"og:title\" content=\"Pol\u00edtica de privacitat - Healthy Communities 2030 - Fundaci\u00f3n SHE\" \/>\n<meta property=\"og:description\" content=\"Pol\u00edtica de Privacitat La confidencialitat i la seguretat s\u00f3n valors primordials de FUNDACIO PRIVADA SHE i, en conseq\u00fc\u00e8ncia, assumim el comprom\u00eds de garantir la privacitat de l\u2019usuari a tot moment i de...\" \/>\n<meta property=\"og:url\" content=\"https:\/\/fundacionshe.org\/healthycommunities2030\/politica-de-privacitat\/\" \/>\n<meta property=\"og:site_name\" content=\"Healthy Communities 2030 - Fundaci\u00f3n SHE\" \/>\n<meta property=\"article:modified_time\" content=\"2025-02-18T10:12:05+00:00\" \/>\n<meta name=\"twitter:card\" content=\"summary_large_image\" \/>\n<meta name=\"twitter:label1\" content=\"Temps estimat de lectura\" \/>\n\t<meta name=\"twitter:data1\" content=\"4 minuts\" \/>\n<script type=\"application\/ld+json\" class=\"yoast-schema-graph\">{\"@context\":\"https:\/\/schema.org\",\"@graph\":[{\"@type\":\"WebSite\",\"@id\":\"https:\/\/fundacionshe.org\/healthycommunities2030\/#website\",\"url\":\"https:\/\/fundacionshe.org\/healthycommunities2030\/\",\"name\":\"Healthy Communities 2030 - Fundaci\u00f3n SHE\",\"description\":\"Fundaci\u00f3n SHE - Foundation for Science, Health and Education\",\"potentialAction\":[{\"@type\":\"SearchAction\",\"target\":{\"@type\":\"EntryPoint\",\"urlTemplate\":\"https:\/\/fundacionshe.org\/healthycommunities2030\/?s={search_term_string}\"},\"query-input\":\"required name=search_term_string\"}],\"inLanguage\":\"ca\"},{\"@type\":\"WebPage\",\"@id\":\"https:\/\/fundacionshe.org\/healthycommunities2030\/politica-de-privacitat\/#webpage\",\"url\":\"https:\/\/fundacionshe.org\/healthycommunities2030\/politica-de-privacitat\/\",\"name\":\"Pol\u00edtica de privacitat - Healthy Communities 2030 - Fundaci\u00f3n SHE\",\"isPartOf\":{\"@id\":\"https:\/\/fundacionshe.org\/healthycommunities2030\/#website\"},\"datePublished\":\"2018-09-02T23:05:46+00:00\",\"dateModified\":\"2025-02-18T10:12:05+00:00\",\"breadcrumb\":{\"@id\":\"https:\/\/fundacionshe.org\/healthycommunities2030\/politica-de-privacitat\/#breadcrumb\"},\"inLanguage\":\"ca\",\"potentialAction\":[{\"@type\":\"ReadAction\",\"target\":[\"https:\/\/fundacionshe.org\/healthycommunities2030\/politica-de-privacitat\/\"]}]},{\"@type\":\"BreadcrumbList\",\"@id\":\"https:\/\/fundacionshe.org\/healthycommunities2030\/politica-de-privacitat\/#breadcrumb\",\"itemListElement\":[{\"@type\":\"ListItem\",\"position\":1,\"name\":\"Portada\",\"item\":\"https:\/\/fundacionshe.org\/healthycommunities2030\/\"},{\"@type\":\"ListItem\",\"position\":2,\"name\":\"Pol\u00edtica de privacitat\"}]}]}<\/script>\n<!-- \/ Yoast SEO plugin. -->","yoast_head_json":{"title":"Pol\u00edtica de privacitat - Healthy Communities 2030 - Fundaci\u00f3n SHE","robots":{"index":"index","follow":"follow","max-snippet":"max-snippet:-1","max-image-preview":"max-image-preview:large","max-video-preview":"max-video-preview:-1"},"canonical":"https:\/\/fundacionshe.org\/healthycommunities2030\/politica-de-privacitat\/","og_locale":"ca_ES","og_type":"article","og_title":"Pol\u00edtica de privacitat - Healthy Communities 2030 - Fundaci\u00f3n SHE","og_description":"Pol\u00edtica de Privacitat La confidencialitat i la seguretat s\u00f3n valors primordials de FUNDACIO PRIVADA SHE i, en conseq\u00fc\u00e8ncia, assumim el comprom\u00eds de garantir la privacitat de l\u2019usuari a tot moment i de...","og_url":"https:\/\/fundacionshe.org\/healthycommunities2030\/politica-de-privacitat\/","og_site_name":"Healthy Communities 2030 - Fundaci\u00f3n SHE","article_modified_time":"2025-02-18T10:12:05+00:00","twitter_card":"summary_large_image","twitter_misc":{"Temps estimat de lectura":"4 minuts"},"schema":{"@context":"https:\/\/schema.org","@graph":[{"@type":"WebSite","@id":"https:\/\/fundacionshe.org\/healthycommunities2030\/#website","url":"https:\/\/fundacionshe.org\/healthycommunities2030\/","name":"Healthy Communities 2030 - Fundaci\u00f3n SHE","description":"Fundaci\u00f3n SHE - Foundation for Science, Health and Education","potentialAction":[{"@type":"SearchAction","target":{"@type":"EntryPoint","urlTemplate":"https:\/\/fundacionshe.org\/healthycommunities2030\/?s={search_term_string}"},"query-input":"required name=search_term_string"}],"inLanguage":"ca"},{"@type":"WebPage","@id":"https:\/\/fundacionshe.org\/healthycommunities2030\/politica-de-privacitat\/#webpage","url":"https:\/\/fundacionshe.org\/healthycommunities2030\/politica-de-privacitat\/","name":"Pol\u00edtica de privacitat - Healthy Communities 2030 - Fundaci\u00f3n SHE","isPartOf":{"@id":"https:\/\/fundacionshe.org\/healthycommunities2030\/#website"},"datePublished":"2018-09-02T23:05:46+00:00","dateModified":"2025-02-18T10:12:05+00:00","breadcrumb":{"@id":"https:\/\/fundacionshe.org\/healthycommunities2030\/politica-de-privacitat\/#breadcrumb"},"inLanguage":"ca","potentialAction":[{"@type":"ReadAction","target":["https:\/\/fundacionshe.org\/healthycommunities2030\/politica-de-privacitat\/"]}]},{"@type":"BreadcrumbList","@id":"https:\/\/fundacionshe.org\/healthycommunities2030\/politica-de-privacitat\/#breadcrumb","itemListElement":[{"@type":"ListItem","position":1,"name":"Portada","item":"https:\/\/fundacionshe.org\/healthycommunities2030\/"},{"@type":"ListItem","position":2,"name":"Pol\u00edtica de privacitat"}]}]}},"_links":{"self":[{"href":"https:\/\/fundacionshe.org\/healthycommunities2030\/wp-json\/wp\/v2\/pages\/638"}],"collection":[{"href":"https:\/\/fundacionshe.org\/healthycommunities2030\/wp-json\/wp\/v2\/pages"}],"about":[{"href":"https:\/\/fundacionshe.org\/healthycommunities2030\/wp-json\/wp\/v2\/types\/page"}],"author":[{"embeddable":true,"href":"https:\/\/fundacionshe.org\/healthycommunities2030\/wp-json\/wp\/v2\/users\/1"}],"replies":[{"embeddable":true,"href":"https:\/\/fundacionshe.org\/healthycommunities2030\/wp-json\/wp\/v2\/comments?post=638"}],"version-history":[{"count":3,"href":"https:\/\/fundacionshe.org\/healthycommunities2030\/wp-json\/wp\/v2\/pages\/638\/revisions"}],"predecessor-version":[{"id":2511,"href":"https:\/\/fundacionshe.org\/healthycommunities2030\/wp-json\/wp\/v2\/pages\/638\/revisions\/2511"}],"wp:attachment":[{"href":"https:\/\/fundacionshe.org\/healthycommunities2030\/wp-json\/wp\/v2\/media?parent=638"}],"curies":[{"name":"wp","href":"https:\/\/api.w.org\/{rel}","templated":true}]}}